{"id":6833,"date":"2024-08-09T14:09:29","date_gmt":"2024-08-09T12:09:29","guid":{"rendered":"https:\/\/annajuchniewicz.pl\/sklep\/?post_type=product&#038;p=6833"},"modified":"2024-08-09T14:10:24","modified_gmt":"2024-08-09T12:10:24","slug":"warsztat-ustawien-systemowych-konstelacje-dusz","status":"publish","type":"product","link":"https:\/\/annajuchniewicz.pl\/sklep\/produkt\/warsztat-ustawien-systemowych-konstelacje-dusz\/","title":{"rendered":"Warsztat ustawie\u0144 systemowych KONSTELACJE DUSZ"},"content":{"rendered":"<div class=\"xdj266r x11i5rnm xat24cr x1mh8g0r x1vvkbs\">By\u0107 mo\u017ce wiesz ju\u017c, \u017ce \u201csukces ma twarz matki\u201d, \u201cpieni\u0105dze p\u0142yn\u0105 do \u017cywych\u201d, \u201cchoroba pokazuje stan ducha\u201d, \u201ctajemnica chce si\u0119 ujawni\u0107\u201d, a \u201cz lojalno\u015bci do bliskich cierpimy\u201d, \u2026 ale czy zastanawia\u0142@\u015b si\u0119 kiedy\u015b DLACZEGO tak jest i jak to si\u0119 ma do Ciebie?<\/div>\n<div><\/div>\n<div class=\"x11i5rnm xat24cr x1mh8g0r x1vvkbs xtlvy1s\">Pod\u015bwiadomo\u015b\u0107 wp\u0142ywa na nas znacznie bardziej ni\u017c to sobie wyobra\u017camy. Ju\u017c wkr\u00f3tce b\u0119dziesz mie\u0107 okazj\u0119, aby uzyska\u0107 odpowied\u017a na nurtuj\u0105ce Ci\u0119 sprawy osobiste staj\u0105c twarz\u0105 w twarz ze swoimi emocjami &#8211; i to dos\u0142ownie!<\/div>\n<div class=\"x11i5rnm xat24cr x1mh8g0r x1vvkbs xtlvy1s\">Zapraszam Ci\u0119 na jednodniowy stacjonarny warsztat grupowy Konstelacje Duszy, kt\u00f3ry stanowi po\u0142\u0105czenie Ustawie\u0144 Systemowych wg Berta Hellingera oraz element\u00f3w hipnoterapii.<\/div>\n<div><\/div>\n<div class=\"x11i5rnm xat24cr x1mh8g0r x1vvkbs xtlvy1s\">\n<p>Pos\u0142uchasz swojej Duszy, spojrzysz w oczy swojemu L\u0119kowi, zobaczysz dok\u0105d ucieka Zdrowie, jak si\u0119 miewa twoja Kariera i \u2026 przytulisz Mi\u0142o\u015b\u0107. Mi\u0142o\u015b\u0107 zawsze chce do Ciebie, wystarczy, \u017ce jej pozwolisz, \u017ce sobie pozwolisz. <br class=\"html-br\" \/>Podczas warsztatu b\u0119dziesz mie\u0107 szans\u0119 zrozumie\u0107 obecn\u0105 trajektori\u0119 swojego \u017cycia m.in. w aspekcie RELACJI, ZDROWIA, SUKCES\u00d3W i FINANS\u00d3W.<\/p>\n<\/div>\n<div class=\"x11i5rnm xat24cr x1mh8g0r x1vvkbs xtlvy1s\">\n<p>Zaj\u0119cia dedykowane s\u0105 dla os\u00f3b zainteresowanych:<br class=\"html-br\" \/><span class=\"html-span xexx8yu x4uap5 x18d9i69 xkhd6sd x1hl2dhg x16tdsg8 x1vvkbs x3nfvp2 x1j61x8r x1fcty0u xdj266r xat24cr xgzva0m xhhsvwb xxymvpz xlup9mm x1kky2od\"><img decoding=\"async\" class=\"xz74otr\" src=\"https:\/\/static.xx.fbcdn.net\/images\/emoji.php\/v9\/t51\/1\/16\/2714.png\" alt=\"\u2714\ufe0f\" width=\"16\" height=\"16\" \/><\/span>rozwi\u0105zaniem swoich problem\u00f3w <br class=\"html-br\" \/><span class=\"html-span xexx8yu x4uap5 x18d9i69 xkhd6sd x1hl2dhg x16tdsg8 x1vvkbs x3nfvp2 x1j61x8r x1fcty0u xdj266r xat24cr xgzva0m xhhsvwb xxymvpz xlup9mm x1kky2od\"><img decoding=\"async\" class=\"xz74otr\" src=\"https:\/\/static.xx.fbcdn.net\/images\/emoji.php\/v9\/t51\/1\/16\/2714.png\" alt=\"\u2714\ufe0f\" width=\"16\" height=\"16\" \/><\/span>poznaniem dynamik rodowych i porz\u0105dk\u00f3w mi\u0142o\u015bci wg Berta Hellingera<br class=\"html-br\" \/><span class=\"html-span xexx8yu x4uap5 x18d9i69 xkhd6sd x1hl2dhg x16tdsg8 x1vvkbs x3nfvp2 x1j61x8r x1fcty0u xdj266r xat24cr xgzva0m xhhsvwb xxymvpz xlup9mm x1kky2od\"><img decoding=\"async\" class=\"xz74otr\" src=\"https:\/\/static.xx.fbcdn.net\/images\/emoji.php\/v9\/t51\/1\/16\/2714.png\" alt=\"\u2714\ufe0f\" width=\"16\" height=\"16\" \/><\/span>rozwojem osobistym i duchowym<\/p>\n<\/div>\n<div class=\"x11i5rnm xat24cr x1mh8g0r x1vvkbs xtlvy1s\">\n<p>W programie warsztatu kr\u00f3tkie wyk\u0142ady o Porz\u0105dkach Mi\u0142o\u015bci wraz z przyk\u0142adami na \u017cywo, praca w parach i podgrupach, relaksacje oraz mo\u017cliwo\u015b\u0107 w\u0142asnego pe\u0142nego ustawienia.<\/p>\n<\/div>\n<div class=\"x11i5rnm xat24cr x1mh8g0r x1vvkbs xtlvy1s\">\n<p>Je\u015bli chcesz uczestniczy\u0107 tylko jako Reprezentant \/ Obserwator r\u00f3wnie\u017c zapraszam.<\/p>\n<\/div>\n<div class=\"x11i5rnm xat24cr x1mh8g0r x1vvkbs xtlvy1s\">\n<p>Konstelacje Duszy to osobista przygoda terapeutyczna! Przyjd\u017a w otwarto\u015bci na drugiego cz\u0142owieka i w wygodnych ciuchach. Na sali obowi\u0105zuje zmiana obuwia, ale mo\u017cesz zosta\u0107 w skarpetkach je\u015bli tak Ci wygodniej. <br class=\"html-br\" \/>________________________________<\/p>\n<\/div>\n<div class=\"x11i5rnm xat24cr x1mh8g0r x1vvkbs xtlvy1s\">\n<p><strong>TERMIN:<\/strong><br class=\"html-br\" \/>sobota 14 wrze\u015bnia 2024<br class=\"html-br\" \/>godz: 9:30 &#8211; 18:00 (przerwa obiadowa ok. 1.5h) <br class=\"html-br\" \/>*godzina zako\u0144czenia zale\u017cy od uczestnik\u00f3w i mo\u017ce ulec zmianie<\/p>\n<\/div>\n<div class=\"x11i5rnm xat24cr x1mh8g0r x1vvkbs xtlvy1s\">\n<p><strong>MIEJSCE:<\/strong><br class=\"html-br\" \/>Shanti Joga Studio, Bia\u0142ystok<\/p>\n<\/div>\n<div class=\"x11i5rnm xat24cr x1mh8g0r x1vvkbs xtlvy1s\">\n<p><strong>CENA:<\/strong><br class=\"html-br\" \/>100 PLN na pokrycie koszt\u00f3w sali oraz przek\u0105sek (jest to ZALICZKA rezerwuj\u0105ca miejsce)<br class=\"html-br\" \/>+ DOWOLNA KWOTA ZA WARSZTAT zgodna z Twoim sercem i mo\u017cliwo\u015bciami, p\u0142atna got\u00f3wk\u0105 na koniec warsztatu)<\/p>\n<\/div>\n<div class=\"x11i5rnm xat24cr x1mh8g0r x1vvkbs xtlvy1s\">\n<p><strong>ZAPISY i DODATKOWE INFORMACJE:<\/strong><br class=\"html-br\" \/>annahipnoza@gmail.com<br class=\"html-br\" \/>________________________________<\/p>\n<\/div>\n<div class=\"x11i5rnm xat24cr x1mh8g0r x1vvkbs xtlvy1s\"><strong>Prowadz\u0105ca: Anna Juchniewicz<\/strong><br class=\"html-br\" \/>Certyfikowana Terapeutka Ustawie\u0144 Systemowych metod\u0105 Berta Hellingera z dyplomem Szko\u0142y Ustawie\u0144 Systemowych Ma\u0142gorzaty Rajchert-Lewandowskiej i pod jej superwizj\u0105. <br class=\"html-br\" \/>Certyfikowana Hipnoterapeutka w nurcie hipnozy transpersonalnej i cz\u0142onek Polskiego Instytutu Hipnozy i Terapii Transpersonalnych pod superwizj\u0105 Dagmary Konopackiej.<br class=\"html-br\" \/>Past Life Regression Therapy Practitioner from Past Life Awakening Institute.<br class=\"html-br\" \/>Wkr\u00f3tce dyplomowany Psychotraumatolog po Wy\u017cszej Szkole Kszta\u0142cenia Zawodowego.<br class=\"html-br\" \/>Z wykszta\u0142cenia nauczyciel i t\u0142umacz j\u0119zyka angielskiego z dyplomem University of Westminster w Londynie. Z mi\u0142o\u015bci szcz\u0119\u015bliwa Kobieta, \u017bona, opiekunka zwierzak\u00f3w i przyjaci\u00f3\u0142ka las\u00f3w, a tak\u017ce intuicyjna badaczka pola morficznego poprzez \u015bwiadomo\u015b\u0107.<\/div>\n<div class=\"x11i5rnm xat24cr x1mh8g0r x1vvkbs xtlvy1s\"><span class=\"html-span xexx8yu x4uap5 x18d9i69 xkhd6sd x1hl2dhg x16tdsg8 x1vvkbs x3nfvp2 x1j61x8r x1fcty0u xdj266r xat24cr xgzva0m xhhsvwb xxymvpz xlup9mm x1kky2od\"><img decoding=\"async\" class=\"xz74otr\" src=\"https:\/\/static.xx.fbcdn.net\/images\/emoji.php\/v9\/tb4\/1\/16\/2b50.png\" alt=\"\u2b50\" width=\"16\" height=\"16\" \/><\/span> Poczytaj wi\u0119cej na <a class=\"x1i10hfl xjbqb8w x1ejq31n xd10rxx x1sy0etr x17r0tee x972fbf xcfux6l x1qhh985 xm0m39n x9f619 x1ypdohk xt0psk2 xe8uvvx xdj266r x11i5rnm xat24cr x1mh8g0r xexx8yu x4uap5 x18d9i69 xkhd6sd x16tdsg8 x1hl2dhg xggy1nq x1a2a7pz x1sur9pj xkrqix3 x1fey0fg\" tabindex=\"0\" role=\"link\" href=\"https:\/\/l.facebook.com\/l.php?u=http%3A%2F%2Fwww.annajuchniewicz.pl%2F%3Ffbclid%3DIwZXh0bgNhZW0CMTAAAR0Er4K0iyMSXEG2HVv1HkK_y5sdvTXCuJ3kZbw-szto8OK0kUw4UUja-O0_aem_pWP7yMbiRlsskVCf7H5c9Q&amp;h=AT0UBHo_GKXrOxTT2_4ozOM6u_A0tjfY6Nm6MANy0_FdsCD1i56UaSuaXLY1biI8L0d2MqHMOOW10Wf70kkdtHg0hGYpaZoEuP2hHg39WvaDWgTdO8458bTxfCjO8QZuOkytnTOL_Q2O497zIA&amp;__tn__=q&amp;c[0]=AT3il2sMeKKQrUvlO30myvKgKcSTOhLtM_CwsWLyXQaxV2F0iXW0k__WB6v-zOvxH-Rf9wTGdpcOM7vFt5B7-oGJDtbGkqa8jlh4ie97C7SWQdptqLHq5Z7As8ulOK21Eg0c8Pp3dkIB2KebRieMPNGNmqvM9i5BzRgkgWFIx6YtM8jKG5BI\" target=\"_blank\" rel=\"nofollow noopener noreferrer\">www.annajuchniewicz.pl<\/a> <br class=\"html-br\" \/>________________________________<\/div>\n<div class=\"x11i5rnm xat24cr x1mh8g0r x1vvkbs xtlvy1s\"><strong>Regulamin warsztat\u00f3w \/ spotka\u0144 grupowych prowadzonych przez Ann\u0119 Juchniewicz:<\/strong><\/div>\n<div class=\"x11i5rnm xat24cr x1mh8g0r x1vvkbs xtlvy1s\">1. W warsztatach mog\u0105 uczestniczy\u0107 tylko osoby doros\u0142e, kt\u00f3re uko\u0144czy\u0142y 21 lat.<br class=\"html-br\" \/>2. W ofercie warsztatu znajduj\u0105 si\u0119: ustawienia, medytacje, \u0107wiczenia w parach i grupach, panel pyta\u0144 i odpowiedzi, cz\u0119\u015b\u0107 szkoleniowa. <br class=\"html-br\" \/>3. Przeciwwskazania: epilepsja, r\u00f3\u017cnego rodzaju psychozy, schizofrenia, borderline, du\u017ce problemy z sercem. Przy braniu lek\u00f3w psychotropowych zalecana konsultacja z psychiatr\u0105.<br class=\"html-br\" \/>4. Warsztat Ustawie\u0144 Systemowych, oferowany w ramach niniejszego wydarzenia, ma charakter rozwojowy i edukacyjny. Nie stanowi on formy psychoterapii ani konsultacji psychologicznej.<br class=\"html-br\" \/>5. Osoby w trakcie leczenia psychiatrycznego, osoby, kt\u00f3re ostatnio prze\u017cy\u0142y kryzys emocjonalny lub s\u0105 w depresji, powinny swoj\u0105 decyzj\u0119 o udziale w zaj\u0119ciach skonsultowa\u0107 z lekarzem prowadz\u0105cym lub psychoterapeut\u0105. W przypadku potrzeby wsparcia terapeutycznego lub psychologicznego, uczestnicy s\u0105 zach\u0119cani do skorzystania z us\u0142ug wykwalifikowanych specjalist\u00f3w.<br class=\"html-br\" \/>6. Udzia\u0142 w warsztacie mo\u017ce aktywowa\u0107 reakcje: emocjonalne, fizyczne, psychologiczne. Uczestnik \u015bwiadomie bierze pe\u0142n\u0105 odpowiedzialno\u015b\u0107 za swoje do\u015bwiadczenie i za wszelkie nast\u0119pstwa z tego wynikaj\u0105ce, zar\u00f3wno w trakcie zaj\u0119\u0107 jak i poza nimi. <br class=\"html-br\" \/>7. Uczestnik warsztatu w ka\u017cdej chwili ma prawo odm\u00f3wi\u0107 wzi\u0119cia udzia\u0142u w proponowanym \u0107wiczeniu lub ustawieniu bez t\u0142umaczenia. Nie musisz bra\u0107 udzia\u0142u w proponowanych \u0107wiczeniach, je\u015bli obawiasz si\u0119, \u017ce mog\u0142yby one negatywnie wp\u0142yn\u0105\u0107 na Twoje zdrowie lub po prostu potrzebujesz odpocz\u0105\u0107.<br class=\"html-br\" \/>8. Bior\u0105c udzia\u0142 w warsztacie zgadzasz si\u0119 na zachowanie poufno\u015bci w stosunku do innych uczestnik\u00f3w. Oznacza to, \u017ce nie b\u0119dziesz w \u017cadnej formie rozpowszechnia\u0107 informacji, kt\u00f3re uzyskasz podczas warsztatu.<br class=\"html-br\" \/>9. Nagrywanie\/utrwalanie warsztatu w jakiejkolwiek formie audio\/video jest zabronione.<br class=\"html-br\" \/>10. Zg\u0142oszenie udzia\u0142u w warsztacie jest r\u00f3wnoznaczne z przyj\u0119ciem do wiadomo\u015bci i zaakceptowaniem niniejszego regulaminu, cennika oraz warunk\u00f3w uczestnictwa.<\/div>\n","protected":false},"excerpt":{"rendered":"<p>By\u0107 mo\u017ce wiesz ju\u017c, \u017ce \u201csukces ma twarz matki\u201d, \u201cpieni\u0105dze p\u0142yn\u0105 do \u017cywych\u201d, \u201cchoroba pokazuje stan ducha\u201d, \u201ctajemnica chce si\u0119 ujawni\u0107\u201d, a \u201cz lojalno\u015bci do bliskich cierpimy\u201d, \u2026 ale czy zastanawia\u0142@\u015b si\u0119 kiedy\u015b DLACZEGO tak jest i jak to si\u0119 ma do Ciebie? Pod\u015bwiadomo\u015b\u0107 wp\u0142ywa na nas znacznie bardziej ni\u017c to sobie wyobra\u017camy. Ju\u017c wkr\u00f3tce [&hellip;]<\/p>\n","protected":false},"featured_media":6834,"comment_status":"open","ping_status":"closed","template":"","meta":{"inline_featured_image":false},"product_cat":[99],"product_tag":[],"_links":{"self":[{"href":"https:\/\/annajuchniewicz.pl\/sklep\/wp-json\/wp\/v2\/product\/6833"}],"collection":[{"href":"https:\/\/annajuchniewicz.pl\/sklep\/wp-json\/wp\/v2\/product"}],"about":[{"href":"https:\/\/annajuchniewicz.pl\/sklep\/wp-json\/wp\/v2\/types\/product"}],"replies":[{"embeddable":true,"href":"https:\/\/annajuchniewicz.pl\/sklep\/wp-json\/wp\/v2\/comments?post=6833"}],"wp:featuredmedia":[{"embeddable":true,"href":"https:\/\/annajuchniewicz.pl\/sklep\/wp-json\/wp\/v2\/media\/6834"}],"wp:attachment":[{"href":"https:\/\/annajuchniewicz.pl\/sklep\/wp-json\/wp\/v2\/media?parent=6833"}],"wp:term":[{"taxonomy":"product_cat","embeddable":true,"href":"https:\/\/annajuchniewicz.pl\/sklep\/wp-json\/wp\/v2\/product_cat?post=6833"},{"taxonomy":"product_tag","embeddable":true,"href":"https:\/\/annajuchniewicz.pl\/sklep\/wp-json\/wp\/v2\/product_tag?post=6833"}],"curies":[{"name":"wp","href":"https:\/\/api.w.org\/{rel}","templated":true}]}}