{"id":6634,"date":"2024-04-12T23:10:01","date_gmt":"2024-04-12T21:10:01","guid":{"rendered":"https:\/\/annajuchniewicz.pl\/sklep\/?post_type=product&#038;p=6634"},"modified":"2024-08-20T09:24:04","modified_gmt":"2024-08-20T07:24:04","slug":"ukochaj-swoje-wewnetrzne-dziecko-trans-hipnotyczny-anna-juchniewicz","status":"publish","type":"product","link":"https:\/\/annajuchniewicz.pl\/sklep\/produkt\/ukochaj-swoje-wewnetrzne-dziecko-trans-hipnotyczny-anna-juchniewicz\/","title":{"rendered":"Ukochaj swoje wewn\u0119trzne dziecko &#8211; Trans Hipnotyczny"},"content":{"rendered":"<p><span class=\"yt-core-attributed-string yt-core-attributed-string--white-space-pre-wrap\"><span class=\"yt-core-attributed-string--link-inherit-color\">UKOCHAJ SWOJE WEWN\u0118TRZNE DZIECKO jest to nagranie ponad 90-minutowego g\u0142\u0119bokiego Transu Hipnoterapeutycznego prowadzonego podczas grupowego Wieczoru z Transem.<\/span><\/span><\/p>\n<p><span class=\"yt-core-attributed-string yt-core-attributed-string--white-space-pre-wrap\"><span class=\"yt-core-attributed-string--link-inherit-color\">Daj sobie w ko\u0144cu czas dla siebie i zaopiekuj si\u0119 swoim Wewn\u0119trznym Dzieckiem. To nie jest zwyk\u0142a medytacja. Dzi\u0119ki temu nagraniu masz szans\u0119 prze\u017cy\u0107 bardzo g\u0142\u0119boki i wielowymiarowy proces pojednania z przesz\u0142o\u015bci\u0105 i uzdrowienia dawnych ran.<\/span><\/span><\/p>\n<p><span class=\"yt-core-attributed-string yt-core-attributed-string--white-space-pre-wrap\"><span class=\"yt-core-attributed-string--link-inherit-color\"><em>Nigdy nie jest za p\u00f3\u017ano na szcz\u0119\u015bliwe dzieci\u0144stwo<\/em><br \/>\n&#8211; Tom Robbins <\/span><\/span><\/p>\n<p><span class=\"yt-core-attributed-string yt-core-attributed-string--white-space-pre-wrap\"><span class=\"yt-core-attributed-string--link-inherit-color\">\u00a0<\/span><\/span><\/p>\n","protected":false},"excerpt":{"rendered":"<p>UKOCHAJ SWOJE WEWN\u0118TRZNE DZIECKO jest to nagranie ponad 90-minutowego g\u0142\u0119bokiego Transu Hipnoterapeutycznego prowadzonego podczas grupowego Wieczoru z Transem. Daj sobie w ko\u0144cu czas dla siebie i zaopiekuj si\u0119 swoim Wewn\u0119trznym Dzieckiem. To nie jest zwyk\u0142a medytacja. Dzi\u0119ki temu nagraniu masz szans\u0119 prze\u017cy\u0107 bardzo g\u0142\u0119boki i wielowymiarowy proces pojednania z przesz\u0142o\u015bci\u0105 i uzdrowienia dawnych ran. Nigdy [&hellip;]<\/p>\n","protected":false},"featured_media":6639,"comment_status":"open","ping_status":"closed","template":"","meta":{"inline_featured_image":false},"product_cat":[100],"product_tag":[],"_links":{"self":[{"href":"https:\/\/annajuchniewicz.pl\/sklep\/wp-json\/wp\/v2\/product\/6634"}],"collection":[{"href":"https:\/\/annajuchniewicz.pl\/sklep\/wp-json\/wp\/v2\/product"}],"about":[{"href":"https:\/\/annajuchniewicz.pl\/sklep\/wp-json\/wp\/v2\/types\/product"}],"replies":[{"embeddable":true,"href":"https:\/\/annajuchniewicz.pl\/sklep\/wp-json\/wp\/v2\/comments?post=6634"}],"wp:featuredmedia":[{"embeddable":true,"href":"https:\/\/annajuchniewicz.pl\/sklep\/wp-json\/wp\/v2\/media\/6639"}],"wp:attachment":[{"href":"https:\/\/annajuchniewicz.pl\/sklep\/wp-json\/wp\/v2\/media?parent=6634"}],"wp:term":[{"taxonomy":"product_cat","embeddable":true,"href":"https:\/\/annajuchniewicz.pl\/sklep\/wp-json\/wp\/v2\/product_cat?post=6634"},{"taxonomy":"product_tag","embeddable":true,"href":"https:\/\/annajuchniewicz.pl\/sklep\/wp-json\/wp\/v2\/product_tag?post=6634"}],"curies":[{"name":"wp","href":"https:\/\/api.w.org\/{rel}","templated":true}]}}