{"id":6607,"date":"2024-04-12T17:26:02","date_gmt":"2024-04-12T15:26:02","guid":{"rendered":"https:\/\/annajuchniewicz.pl\/sklep\/?post_type=product&#038;p=6607"},"modified":"2024-07-11T10:50:22","modified_gmt":"2024-07-11T08:50:22","slug":"ochrona-i-oczyszczanie-trans-hipnotyczny","status":"publish","type":"product","link":"https:\/\/annajuchniewicz.pl\/sklep\/produkt\/ochrona-i-oczyszczanie-trans-hipnotyczny\/","title":{"rendered":"Ochrona i Oczyszczanie &#8211; Trans Hipnotyczny"},"content":{"rendered":"<p><span class=\"yt-core-attributed-string yt-core-attributed-string--white-space-pre-wrap\"><span class=\"yt-core-attributed-string--link-inherit-color\">OCHRONA I OCZYSZCZANIE ENERGETYCZNE jest to nagranie ponad 90-minutowego g\u0142\u0119bokiego Transu Hipnoterapeutycznego prowadzonego podczas grupowego Wieczoru z Transem. Z pomoc\u0105 \u0179r\u00f3d\u0142a, uwolnimy si\u0119 od niepotrzebnych i niekorzystnych ju\u017c rzeczy, a tak\u017ce zadbamy o ustanowienie konsekwentnej i nieprzerwanej ochrony przed wp\u0142ywami nie-\u015bwiat\u0142a.<\/span><\/span><\/p>\n<p><span class=\"yt-core-attributed-string yt-core-attributed-string--white-space-pre-wrap\"><span class=\"yt-core-attributed-string--link-inherit-color\"> Poni\u017cej lista mo\u017cliwych uwik\u0142a\u0144, kt\u00f3re prawdopodobnie w \u017cyciu wi\u0119kszo\u015bci ludzi s\u0105 ju\u017c nieaktualne albo niekorzystne i kt\u00f3re teraz mo\u017cna rozwi\u0105za\u0107: <\/span><\/span><\/p>\n<ul>\n<li><span class=\"yt-core-attributed-string yt-core-attributed-string--white-space-pre-wrap\"><span class=\"yt-core-attributed-string--link-inherit-color\">umowy, <\/span><\/span><span class=\"yt-core-attributed-string yt-core-attributed-string--white-space-pre-wrap\"><span class=\"yt-core-attributed-string--link-inherit-color\">traktaty, <\/span><\/span><span class=\"yt-core-attributed-string yt-core-attributed-string--white-space-pre-wrap\"><span class=\"yt-core-attributed-string--link-inherit-color\">sojusze, <\/span><\/span><span class=\"yt-core-attributed-string yt-core-attributed-string--white-space-pre-wrap\"><span class=\"yt-core-attributed-string--link-inherit-color\">pakty <\/span><\/span><\/li>\n<li><span class=\"yt-core-attributed-string yt-core-attributed-string--white-space-pre-wrap\"><span class=\"yt-core-attributed-string--link-inherit-color\">\u015bluby, <\/span><\/span><span class=\"yt-core-attributed-string yt-core-attributed-string--white-space-pre-wrap\"><span class=\"yt-core-attributed-string--link-inherit-color\">przysi\u0119gi, <\/span><\/span><span class=\"yt-core-attributed-string yt-core-attributed-string--white-space-pre-wrap\"><span class=\"yt-core-attributed-string--link-inherit-color\">obietnice, <\/span><\/span><span class=\"yt-core-attributed-string yt-core-attributed-string--white-space-pre-wrap\"><span class=\"yt-core-attributed-string--link-inherit-color\">przyrzeczenia <\/span><\/span><\/li>\n<li><span class=\"yt-core-attributed-string yt-core-attributed-string--white-space-pre-wrap\"><span class=\"yt-core-attributed-string--link-inherit-color\">szoki, <\/span><\/span><span class=\"yt-core-attributed-string yt-core-attributed-string--white-space-pre-wrap\"><span class=\"yt-core-attributed-string--link-inherit-color\">traumy <\/span><\/span><\/li>\n<li><span class=\"yt-core-attributed-string yt-core-attributed-string--white-space-pre-wrap\"><span class=\"yt-core-attributed-string--link-inherit-color\">wzorce my\u015blenia, <\/span><\/span><span class=\"yt-core-attributed-string yt-core-attributed-string--white-space-pre-wrap\"><span class=\"yt-core-attributed-string--link-inherit-color\">przekonania, <\/span><\/span><span class=\"yt-core-attributed-string yt-core-attributed-string--white-space-pre-wrap\"><span class=\"yt-core-attributed-string--link-inherit-color\">wyobra\u017cenia, <\/span><\/span><span class=\"yt-core-attributed-string yt-core-attributed-string--white-space-pre-wrap\"><span class=\"yt-core-attributed-string--link-inherit-color\">schematy my\u015blenia, <\/span><\/span><span class=\"yt-core-attributed-string yt-core-attributed-string--white-space-pre-wrap\"><span class=\"yt-core-attributed-string--link-inherit-color\">\u015bwiatopogl\u0105dy<\/span><\/span><\/li>\n<li><span class=\"yt-core-attributed-string yt-core-attributed-string--white-space-pre-wrap\"><span class=\"yt-core-attributed-string--link-inherit-color\">destrukcyjne <\/span><\/span><span class=\"yt-core-attributed-string yt-core-attributed-string--white-space-pre-wrap\"><span class=\"yt-core-attributed-string--link-inherit-color\">wzorce emocjonalne np pami\u0119\u0107 l\u0119ku, gniewu, poczucia winy, nienawi\u015bci<\/span><\/span><\/li>\n<li><span class=\"yt-core-attributed-string yt-core-attributed-string--white-space-pre-wrap\"><span class=\"yt-core-attributed-string--link-inherit-color\">odraza, <\/span><\/span><span class=\"yt-core-attributed-string yt-core-attributed-string--white-space-pre-wrap\"><span class=\"yt-core-attributed-string--link-inherit-color\">wrogie my\u015blenie, <\/span><\/span><span class=\"yt-core-attributed-string yt-core-attributed-string--white-space-pre-wrap\"><span class=\"yt-core-attributed-string--link-inherit-color\">uprzedzenia <\/span><\/span><\/li>\n<li><span class=\"yt-core-attributed-string yt-core-attributed-string--white-space-pre-wrap\"><span class=\"yt-core-attributed-string--link-inherit-color\">przywi\u0105zania, <\/span><\/span><span class=\"yt-core-attributed-string yt-core-attributed-string--white-space-pre-wrap\"><span class=\"yt-core-attributed-string--link-inherit-color\">na\u0142ogi <\/span><\/span><\/li>\n<li><span class=\"yt-core-attributed-string yt-core-attributed-string--white-space-pre-wrap\"><span class=\"yt-core-attributed-string--link-inherit-color\">obci\u0105\u017cenia karmiczne <\/span><\/span><\/li>\n<li><span class=\"yt-core-attributed-string yt-core-attributed-string--white-space-pre-wrap\"><span class=\"yt-core-attributed-string--link-inherit-color\">traumy pokoleniowe <\/span><\/span><\/li>\n<li><span class=\"yt-core-attributed-string yt-core-attributed-string--white-space-pre-wrap\"><span class=\"yt-core-attributed-string--link-inherit-color\">inicjacje, sakramenty <\/span><\/span><\/li>\n<li><span class=\"yt-core-attributed-string yt-core-attributed-string--white-space-pre-wrap\"><span class=\"yt-core-attributed-string--link-inherit-color\">kl\u0105twy, <\/span><\/span><span class=\"yt-core-attributed-string yt-core-attributed-string--white-space-pre-wrap\"><span class=\"yt-core-attributed-string--link-inherit-color\">przekle\u0144stwa, <\/span><\/span><span class=\"yt-core-attributed-string yt-core-attributed-string--white-space-pre-wrap\"><span class=\"yt-core-attributed-string--link-inherit-color\">pot\u0119pienia, <\/span><\/span><span class=\"yt-core-attributed-string yt-core-attributed-string--white-space-pre-wrap\"><span class=\"yt-core-attributed-string--link-inherit-color\">uroki <\/span><\/span><\/li>\n<li><span class=\"yt-core-attributed-string yt-core-attributed-string--white-space-pre-wrap\"><span class=\"yt-core-attributed-string--link-inherit-color\">blokady energetyczne, <\/span><\/span><span class=\"yt-core-attributed-string yt-core-attributed-string--white-space-pre-wrap\"><span class=\"yt-core-attributed-string--link-inherit-color\">zatkania, <\/span><\/span><span class=\"yt-core-attributed-string yt-core-attributed-string--white-space-pre-wrap\"><span class=\"yt-core-attributed-string--link-inherit-color\">os\u0142ony, <\/span><\/span><span class=\"yt-core-attributed-string yt-core-attributed-string--white-space-pre-wrap\"><span class=\"yt-core-attributed-string--link-inherit-color\">opiecz\u0119towania, <\/span><\/span><span class=\"yt-core-attributed-string yt-core-attributed-string--white-space-pre-wrap\"><span class=\"yt-core-attributed-string--link-inherit-color\">opancerzenia <\/span><\/span><\/li>\n<li><span class=\"yt-core-attributed-string yt-core-attributed-string--white-space-pre-wrap\"><span class=\"yt-core-attributed-string--link-inherit-color\">oprogramowania mentalne, manipulacje, <\/span><\/span><span class=\"yt-core-attributed-string yt-core-attributed-string--white-space-pre-wrap\"><span class=\"yt-core-attributed-string--link-inherit-color\">pranie m\u00f3zgu, <\/span><\/span><span class=\"yt-core-attributed-string yt-core-attributed-string--white-space-pre-wrap\"><span class=\"yt-core-attributed-string--link-inherit-color\">dezinformacje, k<\/span><\/span><span class=\"yt-core-attributed-string yt-core-attributed-string--white-space-pre-wrap\"><span class=\"yt-core-attributed-string--link-inherit-color\">odowania<\/span><\/span><\/li>\n<li><span class=\"yt-core-attributed-string yt-core-attributed-string--white-space-pre-wrap\"><span class=\"yt-core-attributed-string--link-inherit-color\">op\u0119tania przez obce energie, <\/span><\/span><span class=\"yt-core-attributed-string yt-core-attributed-string--white-space-pre-wrap\"><span class=\"yt-core-attributed-string--link-inherit-color\">podczepy <\/span><\/span><\/li>\n<li><span class=\"yt-core-attributed-string yt-core-attributed-string--white-space-pre-wrap\"><span class=\"yt-core-attributed-string--link-inherit-color\">obce energie od os\u00f3b, kt\u00f3re s\u0105 aktywnie po\u0142\u0105czone z nami my\u015blami, emocjami, s\u0142owami <\/span><\/span><\/li>\n<li><span class=\"yt-core-attributed-string yt-core-attributed-string--white-space-pre-wrap\"><span class=\"yt-core-attributed-string--link-inherit-color\">projekcje innych os\u00f3b (np ich wyobra\u017cenia na nasz temat) <\/span><\/span><\/li>\n<li><span class=\"yt-core-attributed-string yt-core-attributed-string--white-space-pre-wrap\"><span class=\"yt-core-attributed-string--link-inherit-color\">konstrukty astralne (energie oprogramowane pewnymi rozkazami) <\/span><\/span><\/li>\n<li><span class=\"yt-core-attributed-string yt-core-attributed-string--white-space-pre-wrap\"><span class=\"yt-core-attributed-string--link-inherit-color\">astralne gwo\u017adzie, \u015bruby, \u0142a\u0144cuchy, kajdany <\/span><\/span><\/li>\n<li><span class=\"yt-core-attributed-string yt-core-attributed-string--white-space-pre-wrap\"><span class=\"yt-core-attributed-string--link-inherit-color\">hologramy, zniekszta\u0142cenia energetyczne, wampiryzm energetyczny <\/span><\/span><\/li>\n<li><span class=\"yt-core-attributed-string yt-core-attributed-string--white-space-pre-wrap\"><span class=\"yt-core-attributed-string--link-inherit-color\">implanty fizyczne lub energetyczne (mikroczipy, nadajniki, nanoroboty, dyski pami\u0119ci)<br \/>\n<\/span><\/span><\/li>\n<\/ul>\n","protected":false},"excerpt":{"rendered":"<p>OCHRONA I OCZYSZCZANIE ENERGETYCZNE jest to nagranie ponad 90-minutowego g\u0142\u0119bokiego Transu Hipnoterapeutycznego prowadzonego podczas grupowego Wieczoru z Transem. Z pomoc\u0105 \u0179r\u00f3d\u0142a, uwolnimy si\u0119 od niepotrzebnych i niekorzystnych ju\u017c rzeczy, a tak\u017ce zadbamy o ustanowienie konsekwentnej i nieprzerwanej ochrony przed wp\u0142ywami nie-\u015bwiat\u0142a. Poni\u017cej lista mo\u017cliwych uwik\u0142a\u0144, kt\u00f3re prawdopodobnie w \u017cyciu wi\u0119kszo\u015bci ludzi s\u0105 ju\u017c nieaktualne albo [&hellip;]<\/p>\n","protected":false},"featured_media":6633,"comment_status":"open","ping_status":"closed","template":"","meta":{"inline_featured_image":false},"product_cat":[100],"product_tag":[],"_links":{"self":[{"href":"https:\/\/annajuchniewicz.pl\/sklep\/wp-json\/wp\/v2\/product\/6607"}],"collection":[{"href":"https:\/\/annajuchniewicz.pl\/sklep\/wp-json\/wp\/v2\/product"}],"about":[{"href":"https:\/\/annajuchniewicz.pl\/sklep\/wp-json\/wp\/v2\/types\/product"}],"replies":[{"embeddable":true,"href":"https:\/\/annajuchniewicz.pl\/sklep\/wp-json\/wp\/v2\/comments?post=6607"}],"wp:featuredmedia":[{"embeddable":true,"href":"https:\/\/annajuchniewicz.pl\/sklep\/wp-json\/wp\/v2\/media\/6633"}],"wp:attachment":[{"href":"https:\/\/annajuchniewicz.pl\/sklep\/wp-json\/wp\/v2\/media?parent=6607"}],"wp:term":[{"taxonomy":"product_cat","embeddable":true,"href":"https:\/\/annajuchniewicz.pl\/sklep\/wp-json\/wp\/v2\/product_cat?post=6607"},{"taxonomy":"product_tag","embeddable":true,"href":"https:\/\/annajuchniewicz.pl\/sklep\/wp-json\/wp\/v2\/product_tag?post=6607"}],"curies":[{"name":"wp","href":"https:\/\/api.w.org\/{rel}","templated":true}]}}