{"id":6594,"date":"2024-04-12T12:28:21","date_gmt":"2024-04-12T10:28:21","guid":{"rendered":"https:\/\/annajuchniewicz.pl\/sklep\/?post_type=product&#038;p=6594"},"modified":"2024-07-11T10:50:36","modified_gmt":"2024-07-11T08:50:36","slug":"twoje-swiatlo-trans-hipnotyczny","status":"publish","type":"product","link":"https:\/\/annajuchniewicz.pl\/sklep\/produkt\/twoje-swiatlo-trans-hipnotyczny\/","title":{"rendered":"Twoje \u015awiat\u0142o &#8211; Trans Hipnotyczny"},"content":{"rendered":"<p><span class=\"yt-core-attributed-string yt-core-attributed-string--white-space-pre-wrap\"><span class=\"yt-core-attributed-string--link-inherit-color\">PODR\u00d3\u017b DO INNYCH WCIELE\u0143 jest to nagranie ponad 90-minutowego g\u0142\u0119bokiego Transu Hipnoterapeutycznego prowadzonego podczas grupowego Wieczoru z Transem. Twoje \u015awiat\u0142o to wibracje bezwarunkowej Mi\u0142o\u015bci, kt\u00f3r\u0105 jeste\u015b! <\/span><\/span><\/p>\n<p><span class=\"yt-core-attributed-string yt-core-attributed-string--white-space-pre-wrap\"><span class=\"yt-core-attributed-string--link-inherit-color\">\u201cBezwarunkowa mi\u0142o\u015b\u0107 zaczyna si\u0119 od mi\u0142o\u015bci w\u0142asnej. Dop\u00f3ki nie mamy mi\u0142o\u015bci do siebie samych, trudno nam znale\u017a\u0107 mi\u0142o\u015b\u0107 w \u015bwiecie zewn\u0119trznym albo j\u0105 tam wnie\u015b\u0107, poniewa\u017c wszystko, co nosimy w sobie, emanuje nasz\u0105 wibracj\u0105 na zewn\u0105trz, w \u015bwiat. I to, czym emanujemy, pojawia si\u0119 potem w naszym \u017cyciu &#8211; takie s\u0105 prawa kosmiczne. Dop\u00f3ki nie mamy mi\u0142o\u015bci w\u0142asnej, nie emanujemy mi\u0142o\u015bci\u0105, to mi\u0142o\u015b\u0107, wprawdzie obecna wsz\u0119dzie na \u015bwiecie, nie mo\u017ce do nas dotrze\u0107, poniewa\u017c nie znajduje w nas punktu zaczepienia.\u201d &#8211; Christina von Dreien<br \/>\n<\/span><\/span><\/p>\n","protected":false},"excerpt":{"rendered":"<p>PODR\u00d3\u017b DO INNYCH WCIELE\u0143 jest to nagranie ponad 90-minutowego g\u0142\u0119bokiego Transu Hipnoterapeutycznego prowadzonego podczas grupowego Wieczoru z Transem. Twoje \u015awiat\u0142o to wibracje bezwarunkowej Mi\u0142o\u015bci, kt\u00f3r\u0105 jeste\u015b! \u201cBezwarunkowa mi\u0142o\u015b\u0107 zaczyna si\u0119 od mi\u0142o\u015bci w\u0142asnej. Dop\u00f3ki nie mamy mi\u0142o\u015bci do siebie samych, trudno nam znale\u017a\u0107 mi\u0142o\u015b\u0107 w \u015bwiecie zewn\u0119trznym albo j\u0105 tam wnie\u015b\u0107, poniewa\u017c wszystko, co nosimy [&hellip;]<\/p>\n","protected":false},"featured_media":6627,"comment_status":"open","ping_status":"closed","template":"","meta":{"inline_featured_image":false},"product_cat":[100],"product_tag":[],"_links":{"self":[{"href":"https:\/\/annajuchniewicz.pl\/sklep\/wp-json\/wp\/v2\/product\/6594"}],"collection":[{"href":"https:\/\/annajuchniewicz.pl\/sklep\/wp-json\/wp\/v2\/product"}],"about":[{"href":"https:\/\/annajuchniewicz.pl\/sklep\/wp-json\/wp\/v2\/types\/product"}],"replies":[{"embeddable":true,"href":"https:\/\/annajuchniewicz.pl\/sklep\/wp-json\/wp\/v2\/comments?post=6594"}],"wp:featuredmedia":[{"embeddable":true,"href":"https:\/\/annajuchniewicz.pl\/sklep\/wp-json\/wp\/v2\/media\/6627"}],"wp:attachment":[{"href":"https:\/\/annajuchniewicz.pl\/sklep\/wp-json\/wp\/v2\/media?parent=6594"}],"wp:term":[{"taxonomy":"product_cat","embeddable":true,"href":"https:\/\/annajuchniewicz.pl\/sklep\/wp-json\/wp\/v2\/product_cat?post=6594"},{"taxonomy":"product_tag","embeddable":true,"href":"https:\/\/annajuchniewicz.pl\/sklep\/wp-json\/wp\/v2\/product_tag?post=6594"}],"curies":[{"name":"wp","href":"https:\/\/api.w.org\/{rel}","templated":true}]}}