{"id":6567,"date":"2024-04-07T23:36:55","date_gmt":"2024-04-07T21:36:55","guid":{"rendered":"https:\/\/annajuchniewicz.pl\/sklep\/?post_type=product&#038;p=6567"},"modified":"2024-07-11T10:50:52","modified_gmt":"2024-07-11T08:50:52","slug":"trans-hipnotyczny-podroz-do-innych-wcielen","status":"publish","type":"product","link":"https:\/\/annajuchniewicz.pl\/sklep\/produkt\/trans-hipnotyczny-podroz-do-innych-wcielen\/","title":{"rendered":"Podr\u00f3\u017c do innych wciele\u0144 &#8211; Trans Hipnotyczny"},"content":{"rendered":"<p><span class=\"yt-core-attributed-string yt-core-attributed-string--white-space-pre-wrap\"><span class=\"yt-core-attributed-string--link-inherit-color\">PODR\u00d3\u017b DO INNYCH WCIELE\u0143 jest to nagranie ponad 90-minutowego g\u0142\u0119bokiego Transu Hipnoterapeutycznego prowadzonego podczas grupowego Wieczoru z Transem. Czy kiedykolwiek poczu\u0142a\u015b\/e\u015b w sobie gotowo\u015b\u0107 do tak g\u0142\u0119bokiej cho\u0107 jak\u017ce bliskiej podr\u00f3\u017cy po \u015bcie\u017ckach do\u015bwiadcze\u0144 w\u0142asnej Duszy? Podczas tego intymnego i poruszaj\u0105cego spotkania z w\u0142asn\u0105 przesz\u0142o\u015bci\u0105, w zaciszu w\u0142asnej przestrzeni, w cieple otulaj\u0105cego Ci\u0119 koca podaruj sobie szans\u0119 na: Zrozumienie i uzdrowienie traumy. <\/span><\/span><\/p>\n<p><span class=\"yt-core-attributed-string yt-core-attributed-string--white-space-pre-wrap\"><span class=\"yt-core-attributed-string--link-inherit-color\">Prze\u017cycia z poprzednich wciele\u0144 mog\u0105 pom\u00f3c Ci w zrozumieniu \u017ar\u00f3de\u0142 traumy, l\u0119k\u00f3w czy blokad emocjonalnych w bie\u017c\u0105cym \u017cyciu. To mo\u017ce prowadzi\u0107 do procesu uzdrowienia i przezwyci\u0119\u017cenia tych trudno\u015bci. Rozwijanie samo\u015bwiadomo\u015bci. Regresja hipnotyczna mo\u017ce pom\u00f3c Ci w rozwini\u0119ciu g\u0142\u0119bszej samo\u015bwiadomo\u015bci, zrozumieniu Twoich wzorc\u00f3w zachowa\u0144 czy reakcji emocjonalnych. Wsparcie w procesie duchowego rozwoju. Wykorzystuj regresj\u0119 do duchowego rozwoju i poszukiwania g\u0142\u0119bszego sensu swojego \u017cycia. U\u0142atwienie procesu uzdrowienia i wyzwolenia. <\/span><\/span><\/p>\n<p><span class=\"yt-core-attributed-string yt-core-attributed-string--white-space-pre-wrap\"><span class=\"yt-core-attributed-string--link-inherit-color\">Do\u015bwiadczenie poprzednich wciele\u0144 mo\u017ce pom\u00f3c Tobie w uwolnieniu si\u0119 od przesz\u0142ych obci\u0105\u017ce\u0144, bie\u017c\u0105cych problem\u00f3w czy nierozwi\u0105zanych spraw. Lepsze zrozumienie zwi\u0105zk\u00f3w mi\u0119dzyludzkich. Regresja mo\u017ce dostarczy\u0107 Ci informacji na temat relacji mi\u0119dzyludzkich i powi\u0105za\u0144 z innymi osobami w Twoim obecnym \u017cyciu. Odkrycie ukrytych talent\u00f3w i pasji. Dzi\u0119ki regresji hipnotycznej masz szans\u0119 przypomnie\u0107 sobie swoje talenty czy pasje z poprzednich wciele\u0144.<br \/>\n<\/span><\/span><\/p>\n","protected":false},"excerpt":{"rendered":"<p>PODR\u00d3\u017b DO INNYCH WCIELE\u0143 jest to nagranie ponad 90-minutowego g\u0142\u0119bokiego Transu Hipnoterapeutycznego prowadzonego podczas grupowego Wieczoru z Transem. Czy kiedykolwiek poczu\u0142a\u015b\/e\u015b w sobie gotowo\u015b\u0107 do tak g\u0142\u0119bokiej cho\u0107 jak\u017ce bliskiej podr\u00f3\u017cy po \u015bcie\u017ckach do\u015bwiadcze\u0144 w\u0142asnej Duszy? Podczas tego intymnego i poruszaj\u0105cego spotkania z w\u0142asn\u0105 przesz\u0142o\u015bci\u0105, w zaciszu w\u0142asnej przestrzeni, w cieple otulaj\u0105cego Ci\u0119 koca podaruj [&hellip;]<\/p>\n","protected":false},"featured_media":6628,"comment_status":"open","ping_status":"closed","template":"","meta":{"inline_featured_image":false},"product_cat":[100],"product_tag":[],"_links":{"self":[{"href":"https:\/\/annajuchniewicz.pl\/sklep\/wp-json\/wp\/v2\/product\/6567"}],"collection":[{"href":"https:\/\/annajuchniewicz.pl\/sklep\/wp-json\/wp\/v2\/product"}],"about":[{"href":"https:\/\/annajuchniewicz.pl\/sklep\/wp-json\/wp\/v2\/types\/product"}],"replies":[{"embeddable":true,"href":"https:\/\/annajuchniewicz.pl\/sklep\/wp-json\/wp\/v2\/comments?post=6567"}],"wp:featuredmedia":[{"embeddable":true,"href":"https:\/\/annajuchniewicz.pl\/sklep\/wp-json\/wp\/v2\/media\/6628"}],"wp:attachment":[{"href":"https:\/\/annajuchniewicz.pl\/sklep\/wp-json\/wp\/v2\/media?parent=6567"}],"wp:term":[{"taxonomy":"product_cat","embeddable":true,"href":"https:\/\/annajuchniewicz.pl\/sklep\/wp-json\/wp\/v2\/product_cat?post=6567"},{"taxonomy":"product_tag","embeddable":true,"href":"https:\/\/annajuchniewicz.pl\/sklep\/wp-json\/wp\/v2\/product_tag?post=6567"}],"curies":[{"name":"wp","href":"https:\/\/api.w.org\/{rel}","templated":true}]}}