{"id":6548,"date":"2024-04-03T13:40:59","date_gmt":"2024-04-03T11:40:59","guid":{"rendered":"https:\/\/annajuchniewicz.pl\/sklep\/?post_type=product&#038;p=6548"},"modified":"2024-07-11T10:49:21","modified_gmt":"2024-07-11T08:49:21","slug":"trans-hipnotyczny-mapa-zdrowia-anna-juchniewicz","status":"publish","type":"product","link":"https:\/\/annajuchniewicz.pl\/sklep\/produkt\/trans-hipnotyczny-mapa-zdrowia-anna-juchniewicz\/","title":{"rendered":"Mapa Zdrowia &#8211; Trans Hipnotyczny"},"content":{"rendered":"<p><span class=\"yt-core-attributed-string yt-core-attributed-string--white-space-pre-wrap\"><span class=\"yt-core-attributed-string--link-inherit-color\">MAPA ZDROWIA jest to nagranie ponad 90-minutowego g\u0142\u0119bokiego Transu Hipnoterapeutycznego prowadzonego podczas grupowego Wieczoru z Transem. MAPA ZDROWIA bazuje na zaawansowanej wiedzy i praktykach z zakresu hipnoterapii, oferuj\u0105c nie tylko niezwyk\u0142e do\u015bwiadczenie relaksacyjne, ale r\u00f3wnie\u017c mo\u017cliwo\u015b\u0107 dog\u0142\u0119bnego zrozumienia i pracy z w\u0142asnym umys\u0142em oraz cia\u0142em. Sesja ta jest oparta na Pi\u0119ciu Prawach Natury wed\u0142ug Dr Hamera, kt\u00f3re rzucaj\u0105 nowe \u015bwiat\u0142o na zrozumienie naszego zdrowia:<\/span><\/span><\/p>\n<ol>\n<li><span class=\"yt-core-attributed-string yt-core-attributed-string--white-space-pre-wrap\"><span class=\"yt-core-attributed-string--link-inherit-color\"> \u017belazna regu\u0142a raka Prawo Natury<\/span><\/span><\/li>\n<li><span class=\"yt-core-attributed-string yt-core-attributed-string--white-space-pre-wrap\"><span class=\"yt-core-attributed-string--link-inherit-color\">O dwufazowo\u015bci wszystkich &#8222;zachorowa\u0144&#8221; Prawo Natury <\/span><\/span><\/li>\n<li><span class=\"yt-core-attributed-string yt-core-attributed-string--white-space-pre-wrap\"><span class=\"yt-core-attributed-string--link-inherit-color\">Ontogenetyczny system wszystkich tzw. &#8222;chor\u00f3b&#8221; Prawo Natury<\/span><\/span><\/li>\n<li><span class=\"yt-core-attributed-string yt-core-attributed-string--white-space-pre-wrap\"><span class=\"yt-core-attributed-string--link-inherit-color\"> Ontogenetycznie uwarunkowany system mikrob\u00f3w Prawo Natury<\/span><\/span><\/li>\n<li><span class=\"yt-core-attributed-string yt-core-attributed-string--white-space-pre-wrap\"><span class=\"yt-core-attributed-string--link-inherit-color\"> O biologicznym sensie ka\u017cdego tzw. zachorowania<\/span><\/span><\/li>\n<\/ol>\n<p><strong>Dla kogo jest &#8222;MAPA ZDROWIA&#8221;?<\/strong><\/p>\n<p>Idealna dla os\u00f3b szukaj\u0105cych g\u0142\u0119bokiej pracy nad sob\u0105, zainteresowanych hipnoterapi\u0105 oraz dla tych, kt\u00f3rzy chc\u0105 lepiej zrozumie\u0107 i wp\u0142yn\u0105\u0107 na swoje zdrowie w holistyczny spos\u00f3b.<\/p>\n<p>Nie czekaj, odkryj &#8222;MAP\u0118 ZDROWIA&#8221; ju\u017c dzi\u015b i zacznij swoj\u0105 podr\u00f3\u017c ku g\u0142\u0119bszemu zdrowiu i samozrozumieniu.<\/p>\n","protected":false},"excerpt":{"rendered":"<p>MAPA ZDROWIA jest to nagranie ponad 90-minutowego g\u0142\u0119bokiego Transu Hipnoterapeutycznego prowadzonego podczas grupowego Wieczoru z Transem. MAPA ZDROWIA bazuje na zaawansowanej wiedzy i praktykach z zakresu hipnoterapii, oferuj\u0105c nie tylko niezwyk\u0142e do\u015bwiadczenie relaksacyjne, ale r\u00f3wnie\u017c mo\u017cliwo\u015b\u0107 dog\u0142\u0119bnego zrozumienia i pracy z w\u0142asnym umys\u0142em oraz cia\u0142em. Sesja ta jest oparta na Pi\u0119ciu Prawach Natury wed\u0142ug Dr [&hellip;]<\/p>\n","protected":false},"featured_media":6631,"comment_status":"open","ping_status":"closed","template":"","meta":{"inline_featured_image":false},"product_cat":[100],"product_tag":[],"_links":{"self":[{"href":"https:\/\/annajuchniewicz.pl\/sklep\/wp-json\/wp\/v2\/product\/6548"}],"collection":[{"href":"https:\/\/annajuchniewicz.pl\/sklep\/wp-json\/wp\/v2\/product"}],"about":[{"href":"https:\/\/annajuchniewicz.pl\/sklep\/wp-json\/wp\/v2\/types\/product"}],"replies":[{"embeddable":true,"href":"https:\/\/annajuchniewicz.pl\/sklep\/wp-json\/wp\/v2\/comments?post=6548"}],"wp:featuredmedia":[{"embeddable":true,"href":"https:\/\/annajuchniewicz.pl\/sklep\/wp-json\/wp\/v2\/media\/6631"}],"wp:attachment":[{"href":"https:\/\/annajuchniewicz.pl\/sklep\/wp-json\/wp\/v2\/media?parent=6548"}],"wp:term":[{"taxonomy":"product_cat","embeddable":true,"href":"https:\/\/annajuchniewicz.pl\/sklep\/wp-json\/wp\/v2\/product_cat?post=6548"},{"taxonomy":"product_tag","embeddable":true,"href":"https:\/\/annajuchniewicz.pl\/sklep\/wp-json\/wp\/v2\/product_tag?post=6548"}],"curies":[{"name":"wp","href":"https:\/\/api.w.org\/{rel}","templated":true}]}}