{"id":6148,"date":"2023-12-16T04:16:25","date_gmt":"2023-12-16T03:16:25","guid":{"rendered":"https:\/\/annajuchniewicz.pl\/sklep\/?post_type=product&#038;p=6148"},"modified":"2024-07-11T11:12:05","modified_gmt":"2024-07-11T09:12:05","slug":"nauka-swiadomego-transu","status":"publish","type":"product","link":"https:\/\/annajuchniewicz.pl\/sklep\/produkt\/nauka-swiadomego-transu\/","title":{"rendered":"Kurs &#8211; Nauka \u015awiadomego Transu"},"content":{"rendered":"<p>W 10 dni:<\/p>\n<ul>\n<li aria-level=\"1\">nauczysz si\u0119 \u015bwiadomie wchodzi\u0107 w trans hipnotyczny, a nawet go pog\u0142\u0119bia\u0107<\/li>\n<li aria-level=\"1\">podniesiesz w\u0142asne wibracje,<\/li>\n<li aria-level=\"1\">rozwiniesz w sobie empati\u0119, wyciszysz cia\u0142o i umys\u0142,<\/li>\n<li aria-level=\"1\">poradzisz sobie ze stresem \u015bwiadomie zarz\u0105dzaj\u0105c w\u0142asn\u0105 energi\u0105<\/li>\n<li aria-level=\"1\">odblokujesz swoj\u0105 kreatywno\u015b\u0107 i wyobra\u017ani\u0119<\/li>\n<li aria-level=\"1\">poznasz techniki oczyszczania i ochrony energetycznej<\/li>\n<li aria-level=\"1\">odkryjesz nieograniczony potencja\u0142 w\u0142asnej sprawczo\u015bci zanurzaj\u0105c si\u0119 g\u0142\u0119boko we w\u0142asn\u0105 pod\u015bwiadomo\u015b\u0107.<\/li>\n<\/ul>\n<p>(Pierwsze efekty widoczne ju\u017c w przeci\u0105gu 3 dni)<\/p>\n<p>&nbsp;<\/p>\n<p>Je\u015bli obecnie uwa\u017casz, \u017ce nie jeste\u015b podatna\/ny na hipnoz\u0119, bo np.:<\/p>\n<ul>\n<li aria-level=\"1\">pr\u00f3bowa\u0142e\u015b s\u0142ucha\u0107 nagra\u0144 trans\u00f3w, ale gdy zamykasz oczy to \u201cnic nie widzisz\u201d,<\/li>\n<li aria-level=\"1\">nie umiesz skupi\u0107 si\u0119 na prowadzeniu, bo masz w g\u0142owie nat\u0142ok my\u015bli,<\/li>\n<li aria-level=\"1\">boisz si\u0119, \u017ce stracisz \u015bwiadomo\u015b\u0107 i kontrol\u0119, wi\u0119c wcale nie pr\u00f3bujesz,<\/li>\n<li aria-level=\"1\">kiedy\u015b co\u015b tam poczu\u0142e\u015b\/zobaczy\u0142a\u015b w czasie medytacji i od tego czasu nic\u2026<\/li>\n<\/ul>\n<p>\u2026to dla Ciebie znak, \u017ce TW\u00d3J W\u0141ASNY UMYS\u0141 \/ EGO dzia\u0142a przeciwko Tobie.<\/p>\n<p>&nbsp;<\/p>\n<p>Twoja pod\u015bwiadomo\u015b\u0107 robi wszystko co w jej mocy, aby ochroni\u0107 Ci\u0119 przed b\u00f3lem, bo zupe\u0142nie jak ma\u0142e, bezbronne dziecko wybiera ucieczk\u0119 i rol\u0119 ofiary zamiast dojrza\u0142ego stani\u0119cia w Prawdzie w\u0142asnego serca\u2026 jakakolwiek by ona nie by\u0142a.<\/p>\n<p>Zupe\u0142nie jak w starej piosence \u201cnajtrudniejszy pierwszy krok\u201d. Je\u015bli zechcesz b\u0119d\u0119 towarzyszy\u0107 Ci w Twojej podr\u00f3\u017cy w g\u0142\u0105b\u2026 Twojego Serca. Wychodzenie ze strefy komfortu na pocz\u0105tku mo\u017ce wydawa\u0107 si\u0119 trudnym wyzwaniem, jednak im dalej idziesz tym bardziej fascynuj\u0105ca staje si\u0119 Twoja podr\u00f3\u017c.<\/p>\n<p>&nbsp;<\/p>\n<p>A mo\u017ce wr\u0119cz przeciwnie &#8211; ju\u017c ca\u0142kiem sprawnie wchodzisz w autohipnoz\u0119, ale masz potrzeb\u0119, aby usystematyzowa\u0107 swoj\u0105 wiedz\u0119 i pozna\u0107 nowe sposoby na g\u0142\u0119boki trans?<\/p>\n<ul>\n<li aria-level=\"1\">Chcesz \u015bwiadomie nauczy\u0107 si\u0119 krok po kroku wchodzenia w g\u0142\u0119boki trans hipnotyczny?<\/li>\n<li aria-level=\"1\">Chcesz podczas autohipnozy odkry\u0107 i umacnia\u0107 sw\u00f3j potencja\u0142 do szcz\u0119\u015bliwego \u017cycia?<\/li>\n<li aria-level=\"1\">Chcesz wznosi\u0107 swoj\u0105 \u015bwiadomo\u015b\u0107 dzi\u0119ki nieograniczonej percepcji kiedy fale m\u00f3zgowe naturalnie wchodz\u0105 w stan odpr\u0119\u017cenia?<\/li>\n<\/ul>\n<p>Je\u015bli tak \u2013 do\u0142\u0105cz do kursu \u201cNauka \u015awiadomego Transu\u201d teraz<\/p>\n<p>&nbsp;<\/p>\n<p>W nim poprowadz\u0119 Ci\u0119 przez 10 niesamowicie skutecznych \u0107wicze\u0144 oraz relaksacji, kt\u00f3re poszerz\u0105 Twoj\u0105 \u015bwiadomo\u015b\u0107, przypomn\u0105 Ci o mocy SAMOUZDRAWIANIA oraz o zapomnianej metodzie obrazowania, przetransformuj\u0105 niewspieraj\u0105ce przekonania o hipnoterapii i pomog\u0105 Ci dokona\u0107 wielu skok\u00f3w kwantowych w kr\u00f3tkim czasie.<\/p>\n<p>&nbsp;<\/p>\n<p>Kurs on-line sk\u0142ada si\u0119 z:<\/p>\n<ul>\n<li aria-level=\"1\">7.5 -godzinnego materia\u0142u audiowizualnego (wideo); \u0142\u0105cznie 23 nagrania<\/li>\n<li aria-level=\"1\">13 webinar\u00f3w, w kt\u00f3rych wyja\u015bniane s\u0105 poszczeg\u00f3lne procesy &#8211; czyli ponad 1.5 godzin teorii<\/li>\n<li aria-level=\"1\">10 \u0107wicze\u0144 w formie relaksacji, w kt\u00f3rych krok po kroku nauczysz si\u0119 \u015bwiadomie wchodzi\u0107 w trans hipnotyczny &#8211; czyli \u0142\u0105cznie ponad 6 godzin praktyki<\/li>\n<\/ul>\n<p>&nbsp;<\/p>\n<p>W 10 r\u00f3\u017cnorodnych tematycznie acz tworz\u0105cych sp\u00f3jn\u0105 ca\u0142o\u015b\u0107 modu\u0142ach naucz\u0119 Ci\u0119, jak krok po kroku, NA MOCY TWOJEJ WOLNEJ WOLI, zrelaksowa\u0107 cia\u0142o, okie\u0142zna\u0107 umys\u0142, rozpozna\u0107 zbli\u017caj\u0105cy si\u0119 trans, czu\u0107 przep\u0142yw energii i nada\u0107 mu cel, zapewni\u0107 sobie bezpiecze\u0144stwo i POJMOWA\u0106 WI\u0118CEJ WCHODZ\u0104C DALEJ, JESZCZE G\u0141\u0118BIEJ, aby ZAWSZE by\u0107 w pe\u0142ni \u015bwiadomym\u2026 nie tylko w czasie transu.<\/p>\n<p>&nbsp;<\/p>\n<p>Po uko\u0144czeniu kursu \u201cNauka \u015awiadomego Transu\u201d b\u0119dziesz w stanie:<\/p>\n<ol>\n<li>\u015awiadomie praktykowa\u0107 uwa\u017cno\u015b\u0107 i empati\u0119 b\u0119d\u0105c obecnym w ka\u017cdej chwili, tu i teraz.<\/li>\n<li>Wykorzystywa\u0107 podstawy Joga Nidra do g\u0142\u0119bokiego relaksu i regeneracji.<\/li>\n<li>W koherencji serca, zredukowa\u0107 stres i odzyska\u0107 r\u00f3wnowag\u0119 emocjonaln\u0105.<\/li>\n<li>Podnie\u015b\u0107 wibracje i skorzysta\u0107 z technik kotwiczenia, aby zwi\u0119kszy\u0107 energi\u0119 i witalno\u015b\u0107.<\/li>\n<li>Wykorzystywa\u0107 wyobra\u017ani\u0119 do manifestowania swoich cel\u00f3w i marze\u0144.<\/li>\n<li>Bezpiecznie podryfowa\u0107 do w\u0142asnej pra-pami\u0119ci lub innych czasoprzestrzeni.<\/li>\n<li>Chroni\u0107 si\u0119 i oczyszcza\u0107 energetycznie po kontakcie z nie-\u015bwiat\u0142em.<\/li>\n<li>Eksplorowa\u0107 coraz g\u0142\u0119bsze poziomy \u015bwiadomo\u015bci i zg\u0142\u0119bia\u0107 swoje wn\u0119trze.<\/li>\n<li>Zintegrowa\u0107 wszystkie zdobyte umiej\u0119tno\u015bci i wykorzystywa\u0107 je w przysz\u0142o\u015bci praktykuj\u0105c medytacj\u0119 lub trans hipnotyczny.<\/li>\n<\/ol>\n<p>&nbsp;<\/p>\n<p>Dlaczego warto pracowa\u0107 z w\u0142asn\u0105 pod\u015bwiadomo\u015bci\u0105?<\/p>\n<p>Poniewa\u017c PRZEWA\u017bAJ\u0104C\u0104 WI\u0118KSZO\u015a\u0106 TWOICH DECYZJI I WYBOR\u00d3W PODEJMUJESZ\u00a0 POD\u015aWIADOMIE.<\/p>\n<p>&nbsp;<\/p>\n<ul>\n<li aria-level=\"1\">Jakby to by\u0142o pozna\u0107 i zrozumie\u0107 CO TAK NAPRAWD\u0118 KIERUJE TWOIM \u017bYCIEM?<\/li>\n<li aria-level=\"1\">Jakby to by\u0142o zaprowadzi\u0107 porz\u0105dek w swojej pod\u015bwiadomo\u015bci i ZROZUMIE\u0106 SWOJE L\u0118KI?<\/li>\n<li aria-level=\"1\">Jakby to by\u0142o UWOLNI\u0106 SI\u0118 od ci\u0119\u017ckich emocji generuj\u0105cych cierpienie?<\/li>\n<li aria-level=\"1\">Jakby to by\u0142o wznie\u015b\u0107 swoj\u0105 \u015bwiadomo\u015b\u0107 tak wysoko, \u017ce PRZYPOMNISZ SOBIE w ko\u0144cu SK\u0104D JESTE\u015a I PO CO TU JESTE\u015a?<\/li>\n<li aria-level=\"1\">Jakby to by\u0142o ODKRY\u0106 SAMEMU W\u0141ASN\u0104 DROG\u0118 DO \u0179R\u00d3D\u0141A i ze spokojem w sercu kroczy\u0107 ni\u0105 tak d\u0142ugo jak tylko zechcesz jej do\u015bwiadcza\u0107?<\/li>\n<\/ul>\n<p>Ca\u0142e szcz\u0119\u015bcie w swej bosko\u015bci zostali\u015bmy naturalnie \u201cwyposa\u017ceni\u201d w umiej\u0119tno\u015b\u0107 wchodzenia w trans hipnotyczny! Dzieci najlepiej ucz\u0105 si\u0119 przez zabaw\u0119. Doro\u015bli te\u017c. Zatem potraktuj swoj\u0105 prac\u0119 z transem hipnotycznym jak fascynuj\u0105c\u0105 przygod\u0119, a nauka, lub w\u0142a\u015bciwie odpami\u0119tywanie przyjemnego stanu b\u0142ogo\u015bci, przyjdzie Ci z \u0142atwo\u015bci\u0105.<\/p>\n<p>Kiedy stan relaksu masz ju\u017c opanowany do perfekcji, w\u00f3wczas zaczynasz wchodzi\u0107 coraz g\u0142\u0119biej, a\u017c do ukrytych zakamark\u00f3w Twojej pod\u015bwiadomo\u015bci. Na pocz\u0105tku zaczynasz odkrywa\u0107 programy, kt\u00f3rymi kierowa\u0142e\u015b si\u0119 ca\u0142e \u017cycie, a kt\u00f3re by\u0107 mo\u017ce nie s\u0105 nawet logiczne. By\u0107 mo\u017ce nast\u0119pnie dostrze\u017cesz, \u017ce ka\u017cdy skutek ma swoj\u0105 przyczyn\u0119. Np: choroby, aby mog\u0142y si\u0119 zamanifestowa\u0107 w ciele fizycznym musz\u0105 najpierw zaistnie\u0107 w ciele emocjonalnym. Tutaj r\u00f3wnie\u017c z pomoc\u0105 przychodzi hipnoza.<\/p>\n<p>Gdy pod\u015bwiadomo\u015b\u0107 jest ju\u017c na tyle wolna od wewn\u0119trznych program\u00f3w, blokad i traum, \u017ce czujesz i\u017c mo\u017cesz w swoim do\u015bwiadczeniu podryfowa\u0107 jeszcze g\u0142\u0119biej, w\u00f3wczas otwieraj\u0105 si\u0119 przed Tob\u0105 bezgraniczne czasoprzestrzenie Nad\u015bwiadomo\u015bci, Wy\u017cszego Ja, \u0179r\u00f3d\u0142a\u2026 sk\u0105d jeste\u015b w stanie \u015bci\u0105ga\u0107 jasne informacje i wskaz\u00f3wki dla siebie, ale r\u00f3wnie\u017c dla ca\u0142ej ludzko\u015bci.<\/p>\n<p>&nbsp;<\/p>\n<p><i>\u201eDop\u00f3ki nie uczynisz nie\u015bwiadomego \u015bwiadomym, b\u0119dzie ono kierowa\u0142o Twoim \u017cyciem, a Ty b\u0119dziesz nazywa\u0142 to przeznaczeniem\u201d<\/i><\/p>\n<p>Carl Gustav Jung<\/p>\n<p>&nbsp;<\/p>\n<p>&nbsp;<\/p>\n<p>Poczytaj wi\u0119cej opinii:\u00a0<a href=\"https:\/\/youtu.be\/BfGvfEdz6V4?si=58V183JWnyWUv_mz\">https:\/\/youtu.be\/BfGvfEdz6V4?si=58V183JWnyWUv_mz<\/a><\/p>\n<p>&nbsp;<\/p>\n<p>Na czym polega autohipnoza?<\/p>\n<ul>\n<li aria-level=\"1\">Przedrostek \u201eauto\u201d oznacza, \u017ce osoba indukuje (tzn wprowadza w trans) sam\u0105 siebie, a stan hipnozy jest osi\u0105gany bez udzia\u0142u os\u00f3b trzecich.<\/li>\n<li aria-level=\"1\">Ka\u017cda hipnoza prowadzona mo\u017ce by\u0107 rozumiana jako autohipnoza pod czyim\u015b prowadzeniem.<\/li>\n<li aria-level=\"1\">Autohipnoza to pierwotny fenomen, wyst\u0119puj\u0105cy w\u0142a\u015bciwie codziennie samoistnie i zupe\u0142nie naturalnie, jako stany zagapienia si\u0119 lub zamy\u015blenia, kiedy traci si\u0119 orientacj\u0119 co do czasu i przestrzeni, np: ogl\u0105daj\u0105c film, tu\u017c po przebudzeniu lub\u2026 na udanej randce kiedy nie mo\u017cesz oderwa\u0107 oczu od ukochanej osoby!<\/li>\n<\/ul>\n<p>&nbsp;<\/p>\n<p>Co warto wiedzie\u0107 na temat sesji hipnoterapii:<\/p>\n<ul>\n<li aria-level=\"1\">Ka\u017cda sesja hipnozy jest niepowtarzalna i daje Ci mo\u017cliwo\u015b\u0107 odkrycia pi\u0119knej cz\u0119\u015bci Siebie<\/li>\n<li aria-level=\"1\">Im wi\u0119cej sesji tym lepiej, poniewa\u017c wtedy przyzwyczajasz si\u0119 do stanu hipnozy i mo\u017cesz kontynuowa\u0107 proces samopoznania i wznoszenia swojej \u015bwiadomo\u015bci<\/li>\n<li aria-level=\"1\">Jak najwi\u0119cej medytuj i spaceruj w przyrodzie, dzi\u0119ki temu naturalnie odpr\u0119\u017cysz umys\u0142<\/li>\n<li aria-level=\"1\">Dzi\u0119ki hipnozie odsuwasz umys\u0142 \u015bwiadomy a \u0142\u0105czysz si\u0119 ze swoj\u0105 pod\u015bwiadomo\u015bci\u0105<\/li>\n<li aria-level=\"1\">Pod\u015bwiadomo\u015b\u0107 kontroluje niemal wszystkie twoje \u017cyciowe wybory, dzi\u0119ki hipnozie masz szans\u0119 zrozumie\u0107 co Tob\u0105 kieruje<\/li>\n<li aria-level=\"1\">Odpowied\u017a na wszelkie nurtuj\u0105ce Ci\u0119 sprawy jest ju\u017c w Tobie<\/li>\n<li aria-level=\"1\">Hipnoterapia mo\u017ce uwolni\u0107 Ci\u0119 od pierwotnych l\u0119k\u00f3w, traum i kompleks\u00f3w<\/li>\n<li aria-level=\"1\">Do\u015bwiadczysz uzdrawiaj\u0105cej Mi\u0142o\u015bci, \u015awiat\u0142a i Mocy p\u0142yn\u0105cych z Twojego serca<\/li>\n<li aria-level=\"1\">Im wi\u0119cej pracujesz ze swoj\u0105 pod\u015bwiadomo\u015bci\u0105 tym bardziej \u015bwiadomy\/a si\u0119 stajesz i \u0142atwiej \u0142\u0105czysz si\u0119 bezpo\u015brednio ze swoj\u0105 Nad\u015bwiadomo\u015bci\u0105, \u0179r\u00f3d\u0142em<\/li>\n<li aria-level=\"1\">W transie hipnotycznym mo\u017cesz cofn\u0105\u0107 si\u0119 do poprzednich wciele\u0144 oraz do stanu pomi\u0119dzy wcieleniami<\/li>\n<li aria-level=\"1\">Sam\/a decydujesz jak g\u0142\u0119boko wejdziesz w trans; cz\u0119sto s\u0105 to inne \u015bwiaty, planety, wymiary, g\u0119sto\u015bci<\/li>\n<li aria-level=\"1\">Wszystko podczas sesji jest w\u0142a\u015bciwe i dzieje si\u0119 z intencj\u0105 Twojego najwy\u017cszego dobra<\/li>\n<li aria-level=\"1\">Pod\u015bwiadomo\u015b\u0107 bazuje na pierwotnych instynktach, dlatego cz\u0119sto to co nieznane i wizja zmiany obecnej trudnej sytuacji powoduje niepewno\u015b\u0107 i l\u0119k<\/li>\n<\/ul>\n<p>&nbsp;<\/p>\n<p>___________________________________________________________________________<\/p>\n<p>&nbsp;<\/p>\n<p>Forma i tre\u015b\u0107 kursu przedstawiona jest w formie nagra\u0144 audiowizualnych. Wykupienie kursu jest jednoznaczne z akceptacj\u0105 przez klienta tej formy pracy z us\u0142ugodawc\u0105. Zgodnie z art. 38 ust. 13 ustawy o prawach konsumenta, po przekazaniu linku z dost\u0119pem do ca\u0142ego cyklu szkolenia przez firm\u0119 Finedor Sp z o.o. z siedzib\u0105 ul. G\u00f3rna 32\/4, 15-523 Grab\u00f3wka, na tym etapie zwroty b\u0119d\u0105 rozpatrywane odmownie.<\/p>\n<p>Pytania\/informacje dodatkowe: Anna Juchniewicz \/ annahipnoza@gmail.com<\/p>\n<p>Zapisuj\u0105c si\u0119 na kurs on-line i wpisuj\u0105c swoje dane o\u015bwiadczam, \u017ce wyra\u017cam zgod\u0119 na przetwarzanie i wykorzystanie moich danych osobowych w celu realizacji zam\u00f3wienia i przesy\u0142ania ofert handlowych przez Finedor Sp z o.o. z siedzib\u0105 ul. G\u00f3rna 32\/4, 15-523 Grab\u00f3wka, NIP 9662163214, REGON 522068650, kt\u00f3ry jest administratorem danych osobowych zgodnie z przepisami Rozporz\u0105dzenia Parlamentu Europejskiego i Rady (UE) 2016\/679 z dnia 27 kwietnia 2016 r. w sprawie ochrony os\u00f3b fizycznych w zwi\u0105zku z przetwarzaniem danych osobowych i w sprawie swobodnego przep\u0142ywu takich danych oraz uchylenia dyrektywy 95\/46\/WE i ustawy o ochronie danych osobowych z dnia 10 maja 2018 r. (Dz.U. 2018 poz. 1000). (Administrator danych). Mog\u0119 cofn\u0105\u0107 zgod\u0119 w ka\u017cdym czasie. Dane b\u0119d\u0105 przetwarzane do czasu cofni\u0119cia zgody.<\/p>\n<p>&nbsp;<\/p>\n<p>O mnie:<\/p>\n<p>Jestem <b>Anna Juchniewicz<\/b> z kana\u0142u Droga do \u0179r\u00f3d\u0142a.<\/p>\n<ul>\n<li aria-level=\"1\">Certyfikowana Hipnoterapeutka<\/li>\n<li aria-level=\"1\">Terapeuta Ustawie\u0144 Systemowych metod\u0105 Berta Hellingera<\/li>\n<li aria-level=\"1\">Badacz zachowa\u0144 pola morficznego i rozwoju osobistego poprzez \u015awiadomo\u015b\u0107<\/li>\n<li aria-level=\"1\">Prywatnie kochaj\u0105ca kobieta, szcz\u0119\u015bliwa \u017cona i pasjonatka le\u015bnych spacer\u00f3w w psim towarzystwie.<\/li>\n<\/ul>\n<p>&nbsp;<\/p>\n","protected":false},"excerpt":{"rendered":"<p>W 10 dni: nauczysz si\u0119 \u015bwiadomie wchodzi\u0107 w trans hipnotyczny, a nawet go pog\u0142\u0119bia\u0107 podniesiesz w\u0142asne wibracje, rozwiniesz w sobie empati\u0119, wyciszysz cia\u0142o i umys\u0142, poradzisz sobie ze stresem \u015bwiadomie zarz\u0105dzaj\u0105c w\u0142asn\u0105 energi\u0105 odblokujesz swoj\u0105 kreatywno\u015b\u0107 i wyobra\u017ani\u0119 poznasz techniki oczyszczania i ochrony energetycznej odkryjesz nieograniczony potencja\u0142 w\u0142asnej sprawczo\u015bci zanurzaj\u0105c si\u0119 g\u0142\u0119boko we w\u0142asn\u0105 pod\u015bwiadomo\u015b\u0107. [&hellip;]<\/p>\n","protected":false},"featured_media":6234,"comment_status":"open","ping_status":"closed","template":"","meta":{"inline_featured_image":false},"product_cat":[100],"product_tag":[],"_links":{"self":[{"href":"https:\/\/annajuchniewicz.pl\/sklep\/wp-json\/wp\/v2\/product\/6148"}],"collection":[{"href":"https:\/\/annajuchniewicz.pl\/sklep\/wp-json\/wp\/v2\/product"}],"about":[{"href":"https:\/\/annajuchniewicz.pl\/sklep\/wp-json\/wp\/v2\/types\/product"}],"replies":[{"embeddable":true,"href":"https:\/\/annajuchniewicz.pl\/sklep\/wp-json\/wp\/v2\/comments?post=6148"}],"wp:featuredmedia":[{"embeddable":true,"href":"https:\/\/annajuchniewicz.pl\/sklep\/wp-json\/wp\/v2\/media\/6234"}],"wp:attachment":[{"href":"https:\/\/annajuchniewicz.pl\/sklep\/wp-json\/wp\/v2\/media?parent=6148"}],"wp:term":[{"taxonomy":"product_cat","embeddable":true,"href":"https:\/\/annajuchniewicz.pl\/sklep\/wp-json\/wp\/v2\/product_cat?post=6148"},{"taxonomy":"product_tag","embeddable":true,"href":"https:\/\/annajuchniewicz.pl\/sklep\/wp-json\/wp\/v2\/product_tag?post=6148"}],"curies":[{"name":"wp","href":"https:\/\/api.w.org\/{rel}","templated":true}]}}